{"id":24,"date":"2019-03-13T07:29:21","date_gmt":"2019-03-13T07:29:21","guid":{"rendered":"https:\/\/mcielts.com\/quiz\/?page_id=24"},"modified":"2021-06-14T07:34:53","modified_gmt":"2021-06-14T07:34:53","slug":"mc-writing","status":"publish","type":"page","link":"https:\/\/mcielts.com\/quiz\/mc-writing\/","title":{"rendered":"Writing"},"content":{"rendered":"<script>\n\t\t\tif (window.qmn_quiz_data === undefined) {\n\t\t\t\twindow.qmn_quiz_data = new Object();\n\t\t\t}\n\t\t<\/script><style>.quiz_section { display: none; }<\/style><div class='qsm-quiz-container qmn_quiz_container mlw_qmn_quiz'><form name='quizForm4' id='quizForm4' action='' method='post' class='qsm-quiz-form qmn_quiz_form mlw_quiz_form' novalidate ><div name='mlw_error_message' id='mlw_error_message' class='qsm-error-message qmn_error_message_section'><\/div><span id='mlw_top_of_quiz'><\/span><div style=\"display:none;\" id=\"mlw_qmn_timer\" class=\"mlw_qmn_timer\"><\/div><div class='quiz_section  quiz_begin slide1'><div class='mlw_qmn_message_before'><h2 style=\"text-align: center\"><span style=\"color: #993300\"><strong>WRITING TEST<\/strong><\/span><\/h2>\n<p style=\"text-align: center\"><em>Duration : 40 mins<\/em><\/p>\n<p><img loading=\"lazy\" decoding=\"async\" class=\"ini_img wp-image-51 aligncenter\" src=\"https:\/\/mcielts.com\/quiz\/wp-content\/uploads\/2019\/03\/1edited-1024x576-300x169.png\" alt=\"\" width=\"500\" height=\"290\" \/><\/p>\n<\/div><\/div><div class='quiz_section question-section-id-74 slide2'><span class='mlw_qmn_question'><p class=\"reading_title\">Topic 2: How has the development of Vietnam affected educational opportunities for students?<\/p><br \/> <p class=\"reading_note\">Write at least 200 words<\/p><\/span><textarea class='mlw_answer_open_text mlwRequiredText' cols='70' rows='5' name='question74' \/><\/textarea><\/div><input type='hidden' name='qmn_question_list' value='74Q' \/><br \/><div class='quiz_section slide3 quiz_end'><span class='mlw_qmn_message_end'><h4><span style=\"color: #993300\">Xin ch\u00fac m\u1eebng! B\u1ea1n \u0111\u00e3 ho\u00e0n th\u00e0nh b\u00e0i ki\u1ec3m tra IELTS Writing t\u1ea1i Mc IELTS.<\/span><\/h4>\n<p><span style=\"color: #0000ff\">Vui l\u00f2ng ho\u00e0n t\u1ea5t th\u00f4ng tin sau \u0111\u1ec3 nh\u1eadn k\u1ebft qu\u1ea3 ngay:<\/span><\/p>\n<\/span><br \/><br \/>\t\t\t\t<div class=\"qsm_contact_div qsm-contact-type-text\">\n\t\t\t\t\t\t\t\t\t\t\t\t<span class='mlw_qmn_question qsm_question'>H\u1ecd v\u00e0 t\u00ean<\/span>\n\t\t\t\t\t\t\t<input type='text' class='mlwRequiredText qsm_required_text' x-webkit-speech name='contact_field_0' value='' \/>\n\t\t\t\t\t\t\t\t\t\t\t<\/div>\n\t\t\t\t\t\t\t\t<div class=\"qsm_contact_div qsm-contact-type-text\">\n\t\t\t\t\t\t\t\t\t\t\t\t<span class='mlw_qmn_question qsm_question'>S\u1ed1 \u0111i\u1ec7n tho\u1ea1i<\/span>\n\t\t\t\t\t\t\t<input type='text' class='mlwRequiredText qsm_required_text' x-webkit-speech name='contact_field_1' value='' \/>\n\t\t\t\t\t\t\t\t\t\t\t<\/div>\n\t\t\t\t\t\t\t\t<div class=\"qsm_contact_div qsm-contact-type-text\">\n\t\t\t\t\t\t\t\t\t\t\t\t<span class='mlw_qmn_question qsm_question'>Email<\/span>\n\t\t\t\t\t\t\t<input type='text' class='mlwRequiredText qsm_required_text' x-webkit-speech name='contact_field_2' value='' \/>\n\t\t\t\t\t\t\t\t\t\t\t<\/div>\n\t\t\t\t\t\t\t\t<div class=\"qsm_contact_div qsm-contact-type-checkbox\">\n\t\t\t\t\t\t\t\t\t\t\t\t<input type='checkbox' id='contact_field_3' class='' x-webkit-speech name='contact_field_3' value='checked' \/>\n\t\t\t\t\t\t\t<label class='mlw_qmn_question qsm_question' for='contact_field_3'>T\u00f4i \u0111\u1ed3ng \u00fd \u0111\u1ec3 Mc IELTS li\u00ean h\u1ec7 t\u01b0 v\u1ea5n v\u1ec1 c\u00e1c kho\u00e1 h\u1ecdc IELTS\/SAT<\/label>\n\t\t\t\t\t\t\t\t\t\t\t<\/div>\n\t\t\t\t<input type='submit' class='qsm-btn qsm-submit-btn qmn_btn' value='Submit' \/><\/div><div name='mlw_error_message_bottom' id='mlw_error_message_bottom' class='qsm-error-message qmn_error_message_section'><\/div><input type='hidden' name='total_questions' id='total_questions' value='1'\/><input type='hidden' name='timer' id='timer' value='0'\/><input type='hidden' class='qmn_quiz_id' name='qmn_quiz_id' id='qmn_quiz_id' value='4'\/><input type='hidden' name='complete_quiz' value='confirmation' \/><\/form><\/div><script>\n\t\t\twindow.qmn_quiz_data[\"4\"] = {\"quiz_id\":\"4\",\"quiz_name\":\"Mc-Writing\",\"disable_answer\":\"0\",\"ajax_show_correct\":\"0\",\"progress_bar\":\"1\",\"pagination\":{\"amount\":1,\"section_comments\":\"1\",\"total_questions\":1,\"previous_text\":\"Previous\",\"next_text\":\"Next\"},\"error_messages\":{\"email\":\"Not a valid e-mail address!\",\"number\":\"This field must be a number!\",\"incorrect\":\"The entered text is not correct!\",\"empty\":\"Please complete all required fields!\"},\"timer_limit\":40,\"question_list\":{\"74\":{\"question_id\":\"74\",\"quiz_id\":\"4\",\"question_name\":\"&lt;p class=&quot;reading_title&quot;&gt;Topic 2: How has the development of Vietnam affected educational opportunities for students?&lt;\\\/p&gt;&lt;br \\\/&gt; &lt;p class=&quot;reading_note&quot;&gt;Write at least 200 words&lt;\\\/p&gt;\",\"answer_array\":\"a:0:{}\",\"answer_one\":\"\",\"answer_one_points\":\"0\",\"answer_two\":\"\",\"answer_two_points\":\"0\",\"answer_three\":\"\",\"answer_three_points\":\"0\",\"answer_four\":\"\",\"answer_four_points\":\"0\",\"answer_five\":\"\",\"answer_five_points\":\"0\",\"answer_six\":\"\",\"answer_six_points\":\"0\",\"correct_answer\":\"0\",\"question_answer_info\":\"\",\"comments\":\"1\",\"hints\":\"\",\"question_order\":\"1\",\"question_type\":\"0\",\"question_type_new\":\"5\",\"question_settings\":\"a:1:{s:8:\\\"required\\\";s:1:\\\"0\\\";}\",\"category\":\"Writing\",\"deleted\":\"0\",\"answers\":[]}},\"first_page\":true}\n\t\t<\/script>\n","protected":false},"excerpt":{"rendered":"<a href=\"https:\/\/mcielts.com\/quiz\/mc-writing\/\" rel=\"bookmark\" title=\"Permalink to Writing\"><\/a>","protected":false},"author":1,"featured_media":14,"parent":0,"menu_order":0,"comment_status":"closed","ping_status":"closed","template":"page_one-column-template.php","meta":{"footnotes":""},"class_list":["post-24","page","type-page","status-publish","has-post-thumbnail","h-entry","hentry"],"_links":{"self":[{"href":"https:\/\/mcielts.com\/quiz\/wp-json\/wp\/v2\/pages\/24","targetHints":{"allow":["GET"]}}],"collection":[{"href":"https:\/\/mcielts.com\/quiz\/wp-json\/wp\/v2\/pages"}],"about":[{"href":"https:\/\/mcielts.com\/quiz\/wp-json\/wp\/v2\/types\/page"}],"author":[{"embeddable":true,"href":"https:\/\/mcielts.com\/quiz\/wp-json\/wp\/v2\/users\/1"}],"replies":[{"embeddable":true,"href":"https:\/\/mcielts.com\/quiz\/wp-json\/wp\/v2\/comments?post=24"}],"version-history":[{"count":1,"href":"https:\/\/mcielts.com\/quiz\/wp-json\/wp\/v2\/pages\/24\/revisions"}],"predecessor-version":[{"id":25,"href":"https:\/\/mcielts.com\/quiz\/wp-json\/wp\/v2\/pages\/24\/revisions\/25"}],"wp:featuredmedia":[{"embeddable":true,"href":"https:\/\/mcielts.com\/quiz\/wp-json\/wp\/v2\/media\/14"}],"wp:attachment":[{"href":"https:\/\/mcielts.com\/quiz\/wp-json\/wp\/v2\/media?parent=24"}],"curies":[{"name":"wp","href":"https:\/\/api.w.org\/{rel}","templated":true}]}}