{"id":221,"date":"2019-12-17T09:26:11","date_gmt":"2019-12-17T09:26:11","guid":{"rendered":"https:\/\/mcielts.com\/quiz\/?page_id=221"},"modified":"2019-12-17T09:26:42","modified_gmt":"2019-12-17T09:26:42","slug":"cam-on","status":"publish","type":"page","link":"https:\/\/mcielts.com\/quiz\/cam-on\/","title":{"rendered":"C\u00e1m \u01a1n"},"content":{"rendered":"<h1 style=\"text-align: center;\"><span style=\"color: #640082;\">Th\u00f4ng tin \u0111\u0103ng k\u00fd \u0111\u00e3 \u0111\u01b0\u1ee3c g\u1eedi \u0111i. <\/span><\/h1>\n<h1 style=\"text-align: center;\"><span style=\"color: #640082;\">Ch\u00fang t\u00f4i s\u1ebd li\u00ean h\u1ec7 v\u1edbi b\u1ea1n sau!!!<\/span><\/h1>\n","protected":false},"excerpt":{"rendered":"<a href=\"https:\/\/mcielts.com\/quiz\/cam-on\/\" rel=\"bookmark\" title=\"Permalink to C\u00e1m \u01a1n\"><p>Th\u00f4ng tin \u0111\u0103ng k\u00fd \u0111\u00e3 \u0111\u01b0\u1ee3c g\u1eedi \u0111i. Ch\u00fang t\u00f4i s\u1ebd li\u00ean h\u1ec7 v\u1edbi b\u1ea1n sau!!!<\/p>\n<\/a>","protected":false},"author":1,"featured_media":0,"parent":0,"menu_order":0,"comment_status":"closed","ping_status":"closed","template":"page_one-column-template.php","meta":{"footnotes":""},"class_list":["post-221","page","type-page","status-publish","h-entry","hentry"],"_links":{"self":[{"href":"https:\/\/mcielts.com\/quiz\/wp-json\/wp\/v2\/pages\/221","targetHints":{"allow":["GET"]}}],"collection":[{"href":"https:\/\/mcielts.com\/quiz\/wp-json\/wp\/v2\/pages"}],"about":[{"href":"https:\/\/mcielts.com\/quiz\/wp-json\/wp\/v2\/types\/page"}],"author":[{"embeddable":true,"href":"https:\/\/mcielts.com\/quiz\/wp-json\/wp\/v2\/users\/1"}],"replies":[{"embeddable":true,"href":"https:\/\/mcielts.com\/quiz\/wp-json\/wp\/v2\/comments?post=221"}],"version-history":[{"count":2,"href":"https:\/\/mcielts.com\/quiz\/wp-json\/wp\/v2\/pages\/221\/revisions"}],"predecessor-version":[{"id":223,"href":"https:\/\/mcielts.com\/quiz\/wp-json\/wp\/v2\/pages\/221\/revisions\/223"}],"wp:attachment":[{"href":"https:\/\/mcielts.com\/quiz\/wp-json\/wp\/v2\/media?parent=221"}],"curies":[{"name":"wp","href":"https:\/\/api.w.org\/{rel}","templated":true}]}}